

{"id":10557,"date":"2024-05-13T15:07:41","date_gmt":"2024-05-13T20:07:41","guid":{"rendered":"https:\/\/forointernacionaldemedicinainterna.com\/site\/?page_id=10557"},"modified":"2024-09-18T18:21:25","modified_gmt":"2024-09-18T23:21:25","slug":"sede","status":"publish","type":"page","link":"https:\/\/forointernacionaldemedicinainterna.com\/site\/sede\/","title":{"rendered":"SEDE"},"content":{"rendered":"\t\t<div data-elementor-type=\"wp-post\" data-elementor-id=\"10557\" class=\"elementor elementor-10557\" data-elementor-settings=\"[]\">\n\t\t\t\t\t\t\t<div class=\"elementor-section-wrap\">\n\t\t\t\t\t\t\t<section class=\"elementor-section elementor-top-section elementor-element elementor-element-bdea163 elementor-section-full_width elementor-section-stretched elementor-hidden-desktop elementor-hidden-tablet elementor-hidden-mobile elementor-section-height-default elementor-section-height-default\" data-id=\"bdea163\" data-element_type=\"section\" data-settings=\"{&quot;stretch_section&quot;:&quot;section-stretched&quot;}\">\n\t\t\t\t\t\t<div class=\"elementor-container elementor-column-gap-no\">\n\t\t\t\t\t<div class=\"elementor-column elementor-col-100 elementor-top-column elementor-element elementor-element-266fe3d\" data-id=\"266fe3d\" data-element_type=\"column\">\n\t\t\t<div class=\"elementor-widget-wrap elementor-element-populated\">\n\t\t\t\t\t\t\t\t<div class=\"elementor-element elementor-element-0bd81d7 elementor-widget__width-auto elementor-widget elementor-widget-html\" data-id=\"0bd81d7\" data-element_type=\"widget\" data-widget_type=\"html.default\">\n\t\t\t\t<div class=\"elementor-widget-container\">\n\t\t\t<iframe src=\"https:\/\/docs.google.com\/viewer?srcid=1NxF3ZO8M3yb9y8Et-_hqCxeUZEdYYe_Z&pid=explorer&efh=false&a=v&chrome=false&embedded=true\" style=\"width:80vw; height:800px;\" frameborder=\"0\"><\/iframe>\t\t<\/div>\n\t\t\t\t<\/div>\n\t\t\t\t\t<\/div>\n\t\t<\/div>\n\t\t\t\t\t\t\t<\/div>\n\t\t<\/section>\n\t\t\t\t<section class=\"elementor-section elementor-top-section elementor-element elementor-element-6733d75 elementor-section-full_width elementor-section-height-default elementor-section-height-default\" data-id=\"6733d75\" data-element_type=\"section\">\n\t\t\t\t\t\t<div class=\"elementor-container elementor-column-gap-no\">\n\t\t\t\t\t<div class=\"elementor-column elementor-col-100 elementor-top-column elementor-element elementor-element-cc98d66\" data-id=\"cc98d66\" data-element_type=\"column\">\n\t\t\t<div class=\"elementor-widget-wrap elementor-element-populated\">\n\t\t\t\t\t\t\t\t<div class=\"elementor-element elementor-element-19f8829 elementor-widget elementor-widget-image\" data-id=\"19f8829\" data-element_type=\"widget\" data-widget_type=\"image.default\">\n\t\t\t\t<div class=\"elementor-widget-container\">\n\t\t\t\t\t\t\t\t\t\t\t\t\t\t\t<img width=\"8000\" height=\"1709\" src=\"https:\/\/forointernacionaldemedicinainterna.com\/site\/wp-content\/uploads\/2024\/09\/SEDE.png\" class=\"attachment-full size-full\" alt=\"\" loading=\"lazy\" srcset=\"https:\/\/forointernacionaldemedicinainterna.com\/site\/wp-content\/uploads\/2024\/09\/SEDE.png 8000w, https:\/\/forointernacionaldemedicinainterna.com\/site\/wp-content\/uploads\/2024\/09\/SEDE-300x64.png 300w, https:\/\/forointernacionaldemedicinainterna.com\/site\/wp-content\/uploads\/2024\/09\/SEDE-1024x219.png 1024w, https:\/\/forointernacionaldemedicinainterna.com\/site\/wp-content\/uploads\/2024\/09\/SEDE-1536x328.png 1536w, https:\/\/forointernacionaldemedicinainterna.com\/site\/wp-content\/uploads\/2024\/09\/SEDE-2048x438.png 2048w, https:\/\/forointernacionaldemedicinainterna.com\/site\/wp-content\/uploads\/2024\/09\/SEDE-300x64@2x.png 600w\" sizes=\"(max-width: 8000px) 100vw, 8000px\" \/>\t\t\t\t\t\t\t\t\t\t\t\t\t\t\t<\/div>\n\t\t\t\t<\/div>\n\t\t\t\t\t<\/div>\n\t\t<\/div>\n\t\t\t\t\t\t\t<\/div>\n\t\t<\/section>\n\t\t\t\t<section class=\"elementor-section elementor-top-section elementor-element elementor-element-5f4687b elementor-section-boxed elementor-section-height-default elementor-section-height-default\" data-id=\"5f4687b\" data-element_type=\"section\" data-settings=\"{&quot;background_background&quot;:&quot;classic&quot;}\">\n\t\t\t\t\t\t<div class=\"elementor-container elementor-column-gap-default\">\n\t\t\t\t\t<div class=\"elementor-column elementor-col-100 elementor-top-column elementor-element elementor-element-73dcb5a\" data-id=\"73dcb5a\" data-element_type=\"column\">\n\t\t\t<div class=\"elementor-widget-wrap elementor-element-populated\">\n\t\t\t\t\t\t\t\t<div class=\"elementor-element elementor-element-f45ca19 elementor-widget elementor-widget-heading\" data-id=\"f45ca19\" data-element_type=\"widget\" data-widget_type=\"heading.default\">\n\t\t\t\t<div class=\"elementor-widget-container\">\n\t\t\t<h1 class=\"elementor-heading-title elementor-size-xxl\">TOLUCA<\/h1>\t\t<\/div>\n\t\t\t\t<\/div>\n\t\t\t\t\t<\/div>\n\t\t<\/div>\n\t\t\t\t\t\t\t<\/div>\n\t\t<\/section>\n\t\t\t\t<section class=\"elementor-section elementor-top-section elementor-element elementor-element-694469a elementor-section-boxed elementor-section-height-default elementor-section-height-default\" data-id=\"694469a\" data-element_type=\"section\" data-settings=\"{&quot;background_background&quot;:&quot;classic&quot;}\">\n\t\t\t\t\t\t<div class=\"elementor-container elementor-column-gap-default\">\n\t\t\t\t\t<div class=\"elementor-column elementor-col-50 elementor-top-column elementor-element elementor-element-b588ca5\" data-id=\"b588ca5\" data-element_type=\"column\">\n\t\t\t<div class=\"elementor-widget-wrap elementor-element-populated\">\n\t\t\t\t\t\t\t\t<div class=\"elementor-element elementor-element-38128e4 elementor-widget elementor-widget-text-editor\" data-id=\"38128e4\" data-element_type=\"widget\" data-widget_type=\"text-editor.default\">\n\t\t\t\t<div class=\"elementor-widget-container\">\n\t\t\t\t\t\t\t<p>La capital del Estado de M\u00e9xico, es una ciudad vibrante y multifac\u00e9tica que combina la riqueza hist\u00f3rica con la modernidad. Est\u00e1 rodeada por monta\u00f1as y volcanes que ofrecen un paisaje impresionante. Su poblaci\u00f3n diversa y la mezcla de culturas, hacen de Toluca un centro cultural y econ\u00f3mico de gran importancia en la regi\u00f3n.<\/p><p>Su centro hist\u00f3rico es un testimonio vivo de su pasado colonial: calles empedradas, plazas encantadoras y arquitectura bien conservada, incluyendo la Catedral de Toluca y el Cosmovitral, un impresionante jard\u00edn bot\u00e1nico dentro de un invernadero de hierro y vidrio soplado.<\/p><p>Adem\u00e1s de su patrimonio cultural, Toluca es conocida por ser un importante centro industrial y comercial, con una s\u00f3lida infraestructura que incluye parques industriales y un aeropuerto internacional. Tambi\u00e9n es sede de diversas instituciones educativas de renombre y cuenta con una importante variedad gastron\u00f3mica, que va desde antojitos tradicionales hasta alta cocina.<\/p><p>Toluca tiene un clima templado la mayor parte del a\u00f1o y una ubicaci\u00f3n estrat\u00e9gica cerca de la Ciudad de M\u00e9xico, que la hace un destino tur\u00edstico como un lugar ideal para vivir y\u00a0hacer\u00a0negocios.<\/p>\t\t\t\t\t\t<\/div>\n\t\t\t\t<\/div>\n\t\t\t\t\t<\/div>\n\t\t<\/div>\n\t\t\t\t<div class=\"elementor-column elementor-col-50 elementor-top-column elementor-element elementor-element-e2bba13\" data-id=\"e2bba13\" data-element_type=\"column\">\n\t\t\t<div class=\"elementor-widget-wrap elementor-element-populated\">\n\t\t\t\t\t\t\t\t<div class=\"elementor-element elementor-element-f84eca5 elementor-pagination-position-outside elementor-widget elementor-widget-image-carousel\" data-id=\"f84eca5\" data-element_type=\"widget\" data-settings=\"{&quot;slides_to_show&quot;:&quot;1&quot;,&quot;navigation&quot;:&quot;dots&quot;,&quot;autoplay_speed&quot;:3000,&quot;autoplay&quot;:&quot;yes&quot;,&quot;pause_on_hover&quot;:&quot;yes&quot;,&quot;pause_on_interaction&quot;:&quot;yes&quot;,&quot;infinite&quot;:&quot;yes&quot;,&quot;effect&quot;:&quot;slide&quot;,&quot;speed&quot;:500}\" data-widget_type=\"image-carousel.default\">\n\t\t\t\t<div class=\"elementor-widget-container\">\n\t\t\t\t\t<div class=\"elementor-image-carousel-wrapper swiper-container\" dir=\"ltr\">\n\t\t\t<div class=\"elementor-image-carousel swiper-wrapper\">\n\t\t\t\t\t\t\t\t<div class=\"swiper-slide\"><figure class=\"swiper-slide-inner\"><img class=\"swiper-slide-image\" src=\"https:\/\/forointernacionaldemedicinainterna.com\/site\/wp-content\/uploads\/2024\/05\/Catedral-2.jpg\" alt=\"Catedral-2\" \/><\/figure><\/div><div class=\"swiper-slide\"><figure class=\"swiper-slide-inner\"><img class=\"swiper-slide-image\" src=\"https:\/\/forointernacionaldemedicinainterna.com\/site\/wp-content\/uploads\/2024\/05\/Cosmo.jpg\" alt=\"Cosmo\" \/><\/figure><\/div><div class=\"swiper-slide\"><figure class=\"swiper-slide-inner\"><img class=\"swiper-slide-image\" src=\"https:\/\/forointernacionaldemedicinainterna.com\/site\/wp-content\/uploads\/2024\/05\/Nevado.jpg\" alt=\"Nevado\" \/><\/figure><\/div><div class=\"swiper-slide\"><figure class=\"swiper-slide-inner\"><img class=\"swiper-slide-image\" src=\"https:\/\/forointernacionaldemedicinainterna.com\/site\/wp-content\/uploads\/2024\/05\/Catedral.jpg\" alt=\"Catedral\" \/><\/figure><\/div><div class=\"swiper-slide\"><figure class=\"swiper-slide-inner\"><img class=\"swiper-slide-image\" src=\"https:\/\/forointernacionaldemedicinainterna.com\/site\/wp-content\/uploads\/2024\/05\/Torre.jpg\" alt=\"Torre\" \/><\/figure><\/div><div class=\"swiper-slide\"><figure class=\"swiper-slide-inner\"><img class=\"swiper-slide-image\" src=\"https:\/\/forointernacionaldemedicinainterna.com\/site\/wp-content\/uploads\/2024\/05\/Nevado-2.jpg\" alt=\"Nevado 2\" \/><\/figure><\/div>\t\t\t<\/div>\n\t\t\t\t\t\t\t\t\t\t\t\t<div class=\"swiper-pagination\"><\/div>\n\t\t\t\t\t\t\t\t\t\t\t\t\t<\/div>\n\t\t\t\t<\/div>\n\t\t\t\t<\/div>\n\t\t\t\t\t<\/div>\n\t\t<\/div>\n\t\t\t\t\t\t\t<\/div>\n\t\t<\/section>\n\t\t\t\t<section class=\"elementor-section elementor-top-section elementor-element elementor-element-75168ce elementor-section-boxed elementor-section-height-default elementor-section-height-default\" data-id=\"75168ce\" data-element_type=\"section\" data-settings=\"{&quot;background_background&quot;:&quot;classic&quot;}\">\n\t\t\t\t\t\t<div class=\"elementor-container elementor-column-gap-default\">\n\t\t\t\t\t<div class=\"elementor-column elementor-col-100 elementor-top-column elementor-element elementor-element-3485fef\" data-id=\"3485fef\" data-element_type=\"column\">\n\t\t\t<div class=\"elementor-widget-wrap elementor-element-populated\">\n\t\t\t\t\t\t\t\t<div class=\"elementor-element elementor-element-457bf49 elementor-widget elementor-widget-heading\" data-id=\"457bf49\" data-element_type=\"widget\" data-widget_type=\"heading.default\">\n\t\t\t\t<div class=\"elementor-widget-container\">\n\t\t\t<h1 class=\"elementor-heading-title elementor-size-xxl\">Centro de Convenciones y Exposiciones EDOMEX<\/h1>\t\t<\/div>\n\t\t\t\t<\/div>\n\t\t\t\t\t<\/div>\n\t\t<\/div>\n\t\t\t\t\t\t\t<\/div>\n\t\t<\/section>\n\t\t\t\t<section class=\"elementor-section elementor-top-section elementor-element elementor-element-027efc5 elementor-section-boxed elementor-section-height-default elementor-section-height-default\" data-id=\"027efc5\" data-element_type=\"section\" data-settings=\"{&quot;background_background&quot;:&quot;classic&quot;}\">\n\t\t\t\t\t\t<div class=\"elementor-container elementor-column-gap-default\">\n\t\t\t\t\t<div class=\"elementor-column elementor-col-50 elementor-top-column elementor-element elementor-element-3280e0d\" data-id=\"3280e0d\" data-element_type=\"column\">\n\t\t\t<div class=\"elementor-widget-wrap elementor-element-populated\">\n\t\t\t\t\t\t\t\t<div class=\"elementor-element elementor-element-24eaa26 elementor-widget elementor-widget-text-editor\" data-id=\"24eaa26\" data-element_type=\"widget\" data-widget_type=\"text-editor.default\">\n\t\t\t\t<div class=\"elementor-widget-container\">\n\t\t\t\t\t\t\t<p>Est\u00e1 dise\u00f1ado para llevar a cabo eventos, convenciones y exposiciones. Tiene instalaciones modernas y vers\u00e1tiles: amplios salones y tecnolog\u00eda avanzada. Ofrece servicios de catering y est\u00e1 bien ubicado para facilitar el acceso. Adem\u00e1s, cuenta con estacionamiento y seguridad. En resumen, es el espacio ideal para eventos empresariales, culturales y acad\u00e9micos\u00a0en\u00a0la\u00a0regi\u00f3n.<\/p>\t\t\t\t\t\t<\/div>\n\t\t\t\t<\/div>\n\t\t\t\t\t<\/div>\n\t\t<\/div>\n\t\t\t\t<div class=\"elementor-column elementor-col-50 elementor-top-column elementor-element elementor-element-42ca5eb\" data-id=\"42ca5eb\" data-element_type=\"column\">\n\t\t\t<div class=\"elementor-widget-wrap elementor-element-populated\">\n\t\t\t\t\t\t\t\t<div class=\"elementor-element elementor-element-4dc70db elementor-widget elementor-widget-image\" data-id=\"4dc70db\" data-element_type=\"widget\" data-widget_type=\"image.default\">\n\t\t\t\t<div class=\"elementor-widget-container\">\n\t\t\t\t\t\t\t\t\t\t\t\t\t\t\t<img width=\"512\" height=\"341\" src=\"https:\/\/forointernacionaldemedicinainterna.com\/site\/wp-content\/uploads\/2024\/05\/CIC-TOL.jpg\" class=\"attachment-large size-large\" alt=\"\" loading=\"lazy\" srcset=\"https:\/\/forointernacionaldemedicinainterna.com\/site\/wp-content\/uploads\/2024\/05\/CIC-TOL.jpg 512w, https:\/\/forointernacionaldemedicinainterna.com\/site\/wp-content\/uploads\/2024\/05\/CIC-TOL-300x200.jpg 300w\" sizes=\"(max-width: 512px) 100vw, 512px\" \/>\t\t\t\t\t\t\t\t\t\t\t\t\t\t\t<\/div>\n\t\t\t\t<\/div>\n\t\t\t\t\t<\/div>\n\t\t<\/div>\n\t\t\t\t\t\t\t<\/div>\n\t\t<\/section>\n\t\t\t\t\t\t<\/div>\n\t\t\t\t\t<\/div>\n\t\t","protected":false},"excerpt":{"rendered":"<p>TOLUCA La capital del Estado de M\u00e9xico, es una ciudad vibrante y multifac\u00e9tica que combina la riqueza hist\u00f3rica con la modernidad. Est\u00e1 rodeada por monta\u00f1as y volcanes que ofrecen un paisaje impresionante. Su poblaci\u00f3n diversa y la mezcla de culturas, hacen de Toluca un centro cultural y econ\u00f3mico de gran importancia en la regi\u00f3n. Su&#8230;<\/p>\n","protected":false},"author":9,"featured_media":0,"parent":0,"menu_order":0,"comment_status":"closed","ping_status":"closed","template":"elementor_header_footer","meta":{"om_disable_all_campaigns":false,"_monsterinsights_skip_tracking":false,"_monsterinsights_sitenote_active":false,"_monsterinsights_sitenote_note":"","_monsterinsights_sitenote_category":0},"_links":{"self":[{"href":"https:\/\/forointernacionaldemedicinainterna.com\/site\/wp-json\/wp\/v2\/pages\/10557"}],"collection":[{"href":"https:\/\/forointernacionaldemedicinainterna.com\/site\/wp-json\/wp\/v2\/pages"}],"about":[{"href":"https:\/\/forointernacionaldemedicinainterna.com\/site\/wp-json\/wp\/v2\/types\/page"}],"author":[{"embeddable":true,"href":"https:\/\/forointernacionaldemedicinainterna.com\/site\/wp-json\/wp\/v2\/users\/9"}],"replies":[{"embeddable":true,"href":"https:\/\/forointernacionaldemedicinainterna.com\/site\/wp-json\/wp\/v2\/comments?post=10557"}],"version-history":[{"count":77,"href":"https:\/\/forointernacionaldemedicinainterna.com\/site\/wp-json\/wp\/v2\/pages\/10557\/revisions"}],"predecessor-version":[{"id":11087,"href":"https:\/\/forointernacionaldemedicinainterna.com\/site\/wp-json\/wp\/v2\/pages\/10557\/revisions\/11087"}],"wp:attachment":[{"href":"https:\/\/forointernacionaldemedicinainterna.com\/site\/wp-json\/wp\/v2\/media?parent=10557"}],"curies":[{"name":"wp","href":"https:\/\/api.w.org\/{rel}","templated":true}]}}