

{"id":11043,"date":"2024-06-17T13:05:21","date_gmt":"2024-06-17T18:05:21","guid":{"rendered":"https:\/\/forointernacionaldemedicinainterna.com\/site\/?page_id=11043"},"modified":"2024-06-17T13:11:27","modified_gmt":"2024-06-17T18:11:27","slug":"aviso-de-privacidad","status":"publish","type":"page","link":"https:\/\/forointernacionaldemedicinainterna.com\/site\/aviso-de-privacidad\/","title":{"rendered":"AVISO DE PRIVACIDAD"},"content":{"rendered":"\t\t<div data-elementor-type=\"wp-post\" data-elementor-id=\"11043\" class=\"elementor elementor-11043\" data-elementor-settings=\"[]\">\n\t\t\t\t\t\t\t<div class=\"elementor-section-wrap\">\n\t\t\t\t\t\t\t<section class=\"elementor-section elementor-top-section elementor-element elementor-element-c46f62d elementor-section-full_width elementor-section-height-default elementor-section-height-default\" data-id=\"c46f62d\" data-element_type=\"section\">\n\t\t\t\t\t\t<div class=\"elementor-container elementor-column-gap-no\">\n\t\t\t\t\t<div class=\"elementor-column elementor-col-100 elementor-top-column elementor-element elementor-element-6fef9a9\" data-id=\"6fef9a9\" data-element_type=\"column\">\n\t\t\t<div class=\"elementor-widget-wrap elementor-element-populated\">\n\t\t\t\t\t\t\t\t<div class=\"elementor-element elementor-element-241ee55 elementor-widget elementor-widget-text-editor\" data-id=\"241ee55\" data-element_type=\"widget\" data-widget_type=\"text-editor.default\">\n\t\t\t\t<div class=\"elementor-widget-container\">\n\t\t\t\t\t\t\t<p>AVISO DE PRIVACIDAD<\/p><p>\u00a0<\/p><p>EL Colegio de Medicina Interna del Estado de M\u00e9xico, (CMIM) quien tiene su domicilio fiscal en calle Venustiano Carranza n\u00famero 2503 interior A, colonia Vicente Guerrero, Toluca Estado de M\u00e9xico, c\u00f3digo postal 50110, en conjunto Convenciones y Congresos Calificados, Sociedad An\u00f3nima de Capital Variable (CCC), quien tiene su domicilio fiscal en Leona Vicario n\u00famero 813 int 42 colonia Coaxustenco, Metepec Estado de M\u00e9xico, que en conjunto son los responsables del uso de los datos personales.<\/p><ol><li>a) Los datos personales que recabamos de usted a trav\u00e9s de medios electr\u00f3nicos, f\u00edsicos o por v\u00eda telef\u00f3nica, de manera verbal y\/o escrita, los utilizaremos para las siguientes finalidades, mismas que son necesarias para el servicio que solicita: 1. El tratamiento a sus datos personales ser\u00e1 efectuado por CMIM EDO DE MEX Y CCC para la prestaci\u00f3n de los servicios de trafico de datos. 2. Establecer contacto con usted cuando as\u00ed nos lo haya solicitado. 3. Responder a una solicitud o informaci\u00f3n para la prestaci\u00f3n de servicios. 4. Dar tr\u00e1mite y seguimiento a los servicios que se hayan contratado con CMIM EDO DE MEX Y CCC. 5. Mantener actualizados los datos personales que exista entre usted y CMIM EDO DE MEX Y CCC. 6. Realizar labores de facturaci\u00f3n, aclaraciones y seguimiento de cobro. 7. Env\u00edo de notificaciones con respecto a cambios al presente Aviso de Privacidad. De manera adicional, utilizaremos su informaci\u00f3n personal para la siguiente finalidad que no es necesaria para el servicio solicitado, pero que nos permite y facilita brindarle una mejor atenci\u00f3n: 1. El tratamiento de sus datos personales puede incluir estrategias de mercadotecnia y\/o publicidad por parte de CMIM EDO DE MEX Y CCC. Es importante se\u00f1alar, que CMIM EDO DE MEX Y CCC no es responsable de la veracidad ni la precisi\u00f3n de los datos personales y\/o datos sensibles que usted nos proporciona, ya que los mismos no han sido previamente validados y\/o verificados.<\/li><li>b) <strong>Datos personales que utilizaremos<\/strong>. (Seg\u00fan el servicio solicitado) La lista de datos personales que podremos tratar y\/o transmitir consisten en: 1. Nombre (s) y apellido (s). 2. Im\u00e1genes obtenidas en circuito cerrado. 3. Domicilio. 4. Registro Federal de Contribuyentes. 5. Direcciones de correo electr\u00f3nico. 6. N\u00fameros telef\u00f3nicos. 7. N\u00famero de fax. 8. Identificaci\u00f3n oficial con fotograf\u00eda (pasaporte, credencial de elector, c\u00e9dula profesional). 9. Copia de comprobante de domicilio. 10. Nacionalidad. 11. Copia de documento migratorio (en caso de ser aplicable). 12. Clave \u00danica de Registro de Poblaci\u00f3n (CURP). 13. Cartas de recomendaci\u00f3n. Adem\u00e1s de los datos personales mencionados anteriormente, para las finalidades informadas en el presente Aviso de Privacidad utilizaremos los siguientes datos personales considerados como patrimoniales y financieros, mismos que se equiparan a los datos sensibles en t\u00e9rminos de la Ley Federal de Protecci\u00f3n de Datos Personales en Posesi\u00f3n de los Particulares, que requieren especial protecci\u00f3n: 1. N\u00famero y datos de cuenta bancaria.<\/li><li>c) <strong>Informaci\u00f3n fiscal<\/strong>. CMIM EDO DE MEX Y CCC implementar\u00e1 las medidas de seguridad, t\u00e9cnicas, administrativas y f\u00edsicas, necesarias para procurar la integridad de sus datos personales y evitar su da\u00f1o, p\u00e9rdida, alteraci\u00f3n, destrucci\u00f3n o el uso, acceso o tratamiento no autorizado. \u00danicamente el personal autorizado, que ha cumplido y observado los correspondientes requisitos de confidencialidad, podr\u00e1 participar en el tratamiento de sus datos personales. El personal autorizado tiene prohibido permitir el acceso de personas no autorizadas y utilizar sus datos personales para fines distintos a los establecidos en el presente Aviso de Privacidad. La obligaci\u00f3n de confidencialidad de las personas que participan en el tratamiento y protecci\u00f3n de sus datos personales subsiste aun despu\u00e9s de terminada la relaci\u00f3n con CMIM EDO DE MEX Y CCC.<\/li><li>d) <strong>Acceso, Rectificaci\u00f3n o Cancelaci\u00f3n de sus datos personales; u Oposici\u00f3n a su uso<\/strong>. Usted tiene derecho a conocer qu\u00e9 datos personales tenemos de usted, para qu\u00e9 los utilizamos y las condiciones del uso que les damos (Acceso). Asimismo, es su derecho solicitar la correcci\u00f3n de su informaci\u00f3n personal en caso de que est\u00e9 desactualizada, sea inexacta o incompleta (Rectificaci\u00f3n); que la eliminemos de nuestros registros o bases de datos cuando considere que la misma no est\u00e1 siendo utilizada conforme a los principios, deberes y obligaciones previstas en la normativa (Cancelaci\u00f3n); as\u00ed como oponerse al uso de sus datos personales para fines espec\u00edficos (Oposici\u00f3n). Para el ejercicio de cualquiera de los derechos anteriormente referidos, usted deber\u00e1 notificar y solicitarnos por escrito el Acceso, Rectificaci\u00f3n, Cancelaci\u00f3n u Oposici\u00f3n de sus datos personales. Dicha solicitud deber\u00e1 contener: \u2022 El nombre del titular y domicilio u otro medio para comunicarle la respuesta a su solicitud. \u2022 Los documentos que acrediten la identidad o, en su caso, la representaci\u00f3n legal del titular. \u2022 La descripci\u00f3n clara y precisa de los datos personales respecto de los que se busca ejercer alguno de los derechos antes mencionados. \u2022 Cualquier otro elemento o documento que facilite la localizaci\u00f3n de los datos personales. En caso de solicitar la rectificaci\u00f3n de sus Datos Personales, adicionalmente deber\u00e1 indicar las modificaciones a realizarse y aportar la documentaci\u00f3n oficial necesaria que sustente su petici\u00f3n. CMIM EDO DE MEX Y CCC responder\u00e1 a la direcci\u00f3n de correo electr\u00f3nico, que el titular de los Datos Personales designe en su solicitud, pudiendo indicar en la misma un medio distinto para recibir dicha respuesta. CMIM EDO DE MEX Y CCC responder\u00e1 en un plazo m\u00e1ximo de 20 (veinte) d\u00edas calendario o el m\u00e1ximo permitido por la ley. La respuesta de CMIM EDO DE MEX Y CCC indicar\u00e1 si la solicitud de acceso, rectificaci\u00f3n, cancelaci\u00f3n u oposici\u00f3n es procedente y, en su caso, CMIM EDO DE MEX Y CCC har\u00e1 efectiva la determinaci\u00f3n dentro de los 15 (quince) d\u00edas calendario siguientes a la fecha en que comunique la respuesta o el m\u00e1ximo permitido por la ley. Los plazos podr\u00e1n ser ampliados en los t\u00e9rminos que se\u00f1ale la Ley aplicable. Si usted requiere mayor informaci\u00f3n sobre el ejercicio de sus derechos ARCO, usted podr\u00e1 llamar al siguiente n\u00famero telef\u00f3nico +527292366446 o bien ponerse en contacto con nuestra \u00e1rea de Administraci\u00f3n de Datos Personales, quien dar\u00e1 tr\u00e1mite a las solicitudes para el ejercicio de estos derechos, y atender\u00e1 cualquier duda que pudiera tener respecto al tratamiento de su informaci\u00f3n. Los datos de contacto de nuestro Administrador de Datos Personales son los siguientes: CMIM EDO DE MEX Y CCC. Email: juridico@alltogether.com.mx. De conformidad con la Ley Federal de Protecci\u00f3n de Datos Personales en Posesi\u00f3n de los Particulares, responder\u00e1 a dicha solicitud en un plazo no mayor a veinte d\u00edas, contados a partir de la fecha en que se entreg\u00f3 la solicitud correspondiente. La temporalidad del manejo de sus datos personales ser\u00e1 por el plazo de tiempo en que subsista la relaci\u00f3n comercial entre usted y CMIM EDO DE MEX Y CCC, mismo que\u00a0 podr\u00e1 ampliarse cuando\u00a0 as\u00ed lo requiera la legislaci\u00f3n mexicana aplicable, pudiendo usted oponerse al manejo de los mismos en cualquier momento que lo considere oportuno seg\u00fan el mecanismo se\u00f1alado en el presente apartado, o en su caso, en el momento en que dichos datos personales hayan dejado de ser necesarios para el cumplimiento de las finalidades previstas en el presente Aviso de Privacidad y las disposiciones legales\u00a0 aplicables, motivo por el cual los datos personales ser\u00e1n cancelados, dando as\u00ed cumplimiento a lo dispuesto por el art\u00edculo 11 de la Ley Federal de Protecci\u00f3n de Datos Personales en Posesi\u00f3n de los Particulares. Si usted considera que su derecho de protecci\u00f3n de datos personales ha sido lesionado por alguna conducta de nuestros empleados o de nuestras actuaciones o respuestas. Si usted presume que en el tratamiento de sus datos personales existe alguna violaci\u00f3n a las disposiciones previstas en la Ley Federal de Protecci\u00f3n de Datos Personales en Posesi\u00f3n de los Particulares, podr\u00e1 interponer la queja o denuncia correspondiente ante el Instituto Federal de Acceso a la Informaci\u00f3n y Protecci\u00f3n de Datos, para mayor informaci\u00f3n visite http:\/\/inicio.ifai.org.mx\/SitePages\/ifai.aspx .<\/li><li>e) <strong>Revocaci\u00f3n de consentimiento para el uso de sus datos personales<\/strong>. Usted puede revocar el consentimiento que, en su caso, nos haya otorgado para el tratamiento de sus datos personales. Sin embargo, es importante que tenga en cuenta que no en todos los casos podremos atender su solicitud o concluir el uso de forma inmediata, ya que es posible que por alguna obligaci\u00f3n legal requiramos seguir tratando sus datos personales. Asimismo, usted deber\u00e1 considerar que, para ciertos fines, la revocaci\u00f3n de su consentimiento implicar\u00e1 que no le podamos seguir prestando el servicio que nos solicit\u00f3, o la conclusi\u00f3n de su relaci\u00f3n con nosotros. Para revocar su consentimiento deber\u00e1 presentar su solicitud en los t\u00e9rminos contenidos en el inciso f) del presente Aviso de Privacidad, por lo que CMIM EDO DE MEX Y CCC responder\u00e1 cualquier solicitud de revocaci\u00f3n de consentimiento en un plazo m\u00e1ximo de 20 (veinte) d\u00edas calendario o el m\u00e1ximo permitido por la Ley Federal de Protecci\u00f3n de Datos Personales en Posesi\u00f3n de los Particulares, y CMIM EDO DE MEX Y CCC har\u00e1 efectiva la revocaci\u00f3n dentro de los 15 (quince) d\u00edas calendario siguientes a la fecha en que comunique la respuesta o el m\u00e1ximo permitido por la Ley Federal de Protecci\u00f3n de Datos Personales en Posesi\u00f3n de los Particulares. Los plazos podr\u00e1n ser ampliados en los t\u00e9rminos que se\u00f1ale la Ley aplicable. Si usted requiere mayor informaci\u00f3n sobre el procedimiento y requisitos para la revocaci\u00f3n del consentimiento, usted podr\u00e1 llamar al siguiente n\u00famero telef\u00f3nico+527292366446 o bien ponerse en contacto con nuestra Administraci\u00f3n de Datos Personales.<\/li><li>f) <strong>Limitaci\u00f3n de uso o divulgaci\u00f3n de sus datos personales<\/strong>. Con objeto de que usted pueda limitar el uso y divulgaci\u00f3n de su informaci\u00f3n personal, le ofrecemos el siguiente medio: 1. Su inscripci\u00f3n en el Registro P\u00fablico para Evitar Publicidad, que est\u00e1 a cargo de la Procuradur\u00eda Federal del Consumidor, con la finalidad de que sus datos personales no sean utilizados para recibir publicidad o promociones de empresas de bienes o servicios. Para mayor informaci\u00f3n sobre dicho registro, usted puede consultar el portal de Internet de la Procuradur\u00eda Federal del Consumidor https:\/\/www.gob.mx\/profeco , o bien ponerse en contacto directo con \u00e9sta llamando al 800 4688722. 2. Su registro en el listado de exclusi\u00f3n \u201cLimitaciones de uso CMIM EDO DE MEX Y CCC\u201d, a fin de que sus datos personales no sean tratados por nuestra parte para los fines se\u00f1alados en el apartado a) del presente Aviso de Privacidad. Para mayor informaci\u00f3n llamar al n\u00famero telef\u00f3nico +527292366446 o enviar un correo electr\u00f3nico a la siguiente direcci\u00f3n juridico@alltogether.com.mx.<\/li><li>g) Cambios al Aviso de Privacidad: El presente Aviso de Privacidad puede sufrir modificaciones, cambios o actualizaciones en cualquier momento, derivadas de nuevos requerimientos legales; de nuestras propias necesidades por los servicios que ofrecemos; de nuestras pr\u00e1cticas de privacidad; de cambios de modelo de negocio; o por otras causas. En caso que CMIM EDO DE MEX Y CCC se viera en la necesidad de hacer alguna modificaci\u00f3n al Aviso de Privacidad, as\u00ed lo har\u00e1 de su conocimiento mediante correo electr\u00f3nico y ser\u00e1 publicado en cualquier otro medio de comunicaci\u00f3n p\u00fablico o privado que en su momento establezca CMIM EDO DE MEX Y CCC.<\/li><li>h) Al suscribir este documento, usted manifiesta su consentimiento para que tratemos sus datos personales en t\u00e9rminos de nuestro aviso de privacidad.<\/li><\/ol><p>Asimismo, en este acto usted autoriza a Convenciones y Congresos Calificados, Sociedad An\u00f3nima de Capital Variable (CCC), como su representante legal para efecto de tratamiento y ejercicio de sus derechos en t\u00e9rminos de la Ley Federal de Protecci\u00f3n de Datos Personales en Posesi\u00f3n de los Particulares.<\/p>\t\t\t\t\t\t<\/div>\n\t\t\t\t<\/div>\n\t\t\t\t\t<\/div>\n\t\t<\/div>\n\t\t\t\t\t\t\t<\/div>\n\t\t<\/section>\n\t\t\t\t<section class=\"elementor-section elementor-top-section elementor-element elementor-element-bdea163 elementor-section-full_width elementor-section-stretched elementor-hidden-desktop elementor-hidden-tablet elementor-hidden-mobile elementor-section-height-default elementor-section-height-default\" data-id=\"bdea163\" data-element_type=\"section\" data-settings=\"{&quot;stretch_section&quot;:&quot;section-stretched&quot;}\">\n\t\t\t\t\t\t<div class=\"elementor-container elementor-column-gap-no\">\n\t\t\t\t\t<div class=\"elementor-column elementor-col-100 elementor-top-column elementor-element elementor-element-266fe3d\" data-id=\"266fe3d\" data-element_type=\"column\">\n\t\t\t<div class=\"elementor-widget-wrap elementor-element-populated\">\n\t\t\t\t\t\t\t\t<div class=\"elementor-element elementor-element-0bd81d7 elementor-widget__width-auto elementor-widget elementor-widget-html\" data-id=\"0bd81d7\" data-element_type=\"widget\" data-widget_type=\"html.default\">\n\t\t\t\t<div class=\"elementor-widget-container\">\n\t\t\t<iframe src=\"https:\/\/docs.google.com\/viewer?srcid=1NxF3ZO8M3yb9y8Et-_hqCxeUZEdYYe_Z&pid=explorer&efh=false&a=v&chrome=false&embedded=true\" style=\"width:80vw; height:800px;\" frameborder=\"0\"><\/iframe>\t\t<\/div>\n\t\t\t\t<\/div>\n\t\t\t\t\t<\/div>\n\t\t<\/div>\n\t\t\t\t\t\t\t<\/div>\n\t\t<\/section>\n\t\t\t\t\t\t<\/div>\n\t\t\t\t\t<\/div>\n\t\t","protected":false},"excerpt":{"rendered":"<p>AVISO DE PRIVACIDAD \u00a0 EL Colegio de Medicina Interna del Estado de M\u00e9xico, (CMIM) quien tiene su domicilio fiscal en calle Venustiano Carranza n\u00famero 2503 interior A, colonia Vicente Guerrero, Toluca Estado de M\u00e9xico, c\u00f3digo postal 50110, en conjunto Convenciones y Congresos Calificados, Sociedad An\u00f3nima de Capital Variable (CCC), quien tiene su domicilio fiscal en&#8230;<\/p>\n","protected":false},"author":9,"featured_media":0,"parent":0,"menu_order":0,"comment_status":"closed","ping_status":"closed","template":"elementor_header_footer","meta":{"om_disable_all_campaigns":false,"_monsterinsights_skip_tracking":false,"_monsterinsights_sitenote_active":false,"_monsterinsights_sitenote_note":"","_monsterinsights_sitenote_category":0},"_links":{"self":[{"href":"https:\/\/forointernacionaldemedicinainterna.com\/site\/wp-json\/wp\/v2\/pages\/11043"}],"collection":[{"href":"https:\/\/forointernacionaldemedicinainterna.com\/site\/wp-json\/wp\/v2\/pages"}],"about":[{"href":"https:\/\/forointernacionaldemedicinainterna.com\/site\/wp-json\/wp\/v2\/types\/page"}],"author":[{"embeddable":true,"href":"https:\/\/forointernacionaldemedicinainterna.com\/site\/wp-json\/wp\/v2\/users\/9"}],"replies":[{"embeddable":true,"href":"https:\/\/forointernacionaldemedicinainterna.com\/site\/wp-json\/wp\/v2\/comments?post=11043"}],"version-history":[{"count":10,"href":"https:\/\/forointernacionaldemedicinainterna.com\/site\/wp-json\/wp\/v2\/pages\/11043\/revisions"}],"predecessor-version":[{"id":11054,"href":"https:\/\/forointernacionaldemedicinainterna.com\/site\/wp-json\/wp\/v2\/pages\/11043\/revisions\/11054"}],"wp:attachment":[{"href":"https:\/\/forointernacionaldemedicinainterna.com\/site\/wp-json\/wp\/v2\/media?parent=11043"}],"curies":[{"name":"wp","href":"https:\/\/api.w.org\/{rel}","templated":true}]}}